{"id":412,"date":"2023-08-21T16:13:47","date_gmt":"2023-08-21T14:13:47","guid":{"rendered":"https:\/\/midena.pl\/?page_id=412"},"modified":"2023-09-06T12:37:45","modified_gmt":"2023-09-06T10:37:45","slug":"zasady-wspolpracy","status":"publish","type":"page","link":"https:\/\/midena.pl\/pl_pl\/zasady-wspolpracy\/","title":{"rendered":"Zasady wsp\u00f3\u0142pracy"},"content":{"rendered":"\t\t<div data-elementor-type=\"wp-page\" data-elementor-id=\"412\" class=\"elementor elementor-412\">\n\t\t\t\t\t\t<section class=\"elementor-section elementor-top-section elementor-element elementor-element-c4f9bf6 elementor-section-boxed elementor-section-height-default elementor-section-height-default\" data-id=\"c4f9bf6\" data-element_type=\"section\" data-e-type=\"section\">\n\t\t\t\t\t\t<div class=\"elementor-container elementor-column-gap-default\">\n\t\t\t\t\t<div class=\"elementor-column elementor-col-100 elementor-top-column elementor-element elementor-element-32e0c1a\" data-id=\"32e0c1a\" data-element_type=\"column\" data-e-type=\"column\">\n\t\t\t<div class=\"elementor-widget-wrap elementor-element-populated\">\n\t\t\t\t\t\t<div class=\"elementor-element elementor-element-770fa04 elementor-widget__width-inherit elementor-widget elementor-widget-image\" data-id=\"770fa04\" data-element_type=\"widget\" data-e-type=\"widget\" data-widget_type=\"image.default\">\n\t\t\t\t<div class=\"elementor-widget-container\">\n\t\t\t\t\t\t\t\t\t\t\t\t\t\t\t<img fetchpriority=\"high\" decoding=\"async\" width=\"1280\" height=\"853\" src=\"https:\/\/midena.pl\/wp-content\/uploads\/2023\/09\/laptop-3196481_1280.jpg\" class=\"attachment-full size-full wp-image-646\" alt=\"Dwie osoby trzymaj\u0105ce d\u0142ugopisy\" srcset=\"https:\/\/midena.pl\/wp-content\/uploads\/2023\/09\/laptop-3196481_1280.jpg 1280w, https:\/\/midena.pl\/wp-content\/uploads\/2023\/09\/laptop-3196481_1280-300x200.jpg 300w, https:\/\/midena.pl\/wp-content\/uploads\/2023\/09\/laptop-3196481_1280-1024x682.jpg 1024w, https:\/\/midena.pl\/wp-content\/uploads\/2023\/09\/laptop-3196481_1280-768x512.jpg 768w\" sizes=\"(max-width: 1280px) 100vw, 1280px\" \/>\t\t\t\t\t\t\t\t\t\t\t\t\t\t\t<\/div>\n\t\t\t\t<\/div>\n\t\t\t\t\t<\/div>\n\t\t<\/div>\n\t\t\t\t\t<\/div>\n\t\t<\/section>\n\t\t\t\t<section class=\"elementor-section elementor-top-section elementor-element elementor-element-ec9ce8a elementor-section-boxed elementor-section-height-default elementor-section-height-default\" data-id=\"ec9ce8a\" data-element_type=\"section\" data-e-type=\"section\">\n\t\t\t\t\t\t<div class=\"elementor-container elementor-column-gap-default\">\n\t\t\t\t\t<div class=\"elementor-column elementor-col-100 elementor-top-column elementor-element elementor-element-ed7ffb4\" data-id=\"ed7ffb4\" data-element_type=\"column\" data-e-type=\"column\">\n\t\t\t<div class=\"elementor-widget-wrap elementor-element-populated\">\n\t\t\t\t\t\t<div class=\"elementor-element elementor-element-af39cfb elementor-widget elementor-widget-text-editor\" data-id=\"af39cfb\" data-element_type=\"widget\" data-e-type=\"widget\" data-widget_type=\"text-editor.default\">\n\t\t\t\t<div class=\"elementor-widget-container\">\n\t\t\t\t\t\t\t\t\t<p style=\"text-align: justify;\">Biuro T\u0142umacze\u0144 Midena wykonuje t\u0142umaczenia pisemne i ustne,\u00a0zwyk\u0142e i po\u015bwiadczone z j\u0119zyka angielskiego na j\u0119zyk polski oraz z j\u0119zyka polskiego na j\u0119zyk angielski.<\/p><p style=\"text-align: justify;\">Wszystkie dokumenty zlecone do t\u0142umaczenia oraz informacje b\u0119d\u0105ce przedmiotem t\u0142umaczenia obj\u0119te s\u0105 poufno\u015bci\u0105.<\/p><p style=\"text-align: justify;\">Rozpocz\u0119cie t\u0142umaczenia nast\u0119puje po zleceniu t\u0142umaczenia drog\u0105 mailow\u0105 na adres biuro@midena.pl i otrzymaniu potwierdzenia zwrotnego od Biura. Istnieje r\u00f3wnie\u017c mo\u017cliwo\u015b\u0107 osobistego dostarczenia orygina\u0142\u00f3w dokument\u00f3w, przes\u0142ania ich poczt\u0105 lub za po\u015brednictwem kuriera.<\/p><p style=\"text-align: justify;\">W przypadku zlece\u0144 realizowanych w dniu zlecenia pobierana jest dodatkowa op\u0142ata w wysoko\u015bci 100% ceny t\u0142umaczenia.<\/p><p style=\"text-align: justify;\">Maksymalna odpowiedzialno\u015b\u0107 Biura T\u0142umacze\u0144 Midena ogranicza si\u0119 do kwoty, jak\u0105 klient poni\u00f3s\u0142 za wykonanie t\u0142umaczenia<\/p>\t\t\t\t\t\t\t\t<\/div>\n\t\t\t\t<\/div>\n\t\t\t\t\t<\/div>\n\t\t<\/div>\n\t\t\t\t\t<\/div>\n\t\t<\/section>\n\t\t\t\t<\/div>\n\t\t","protected":false},"excerpt":{"rendered":"<p>Biuro T\u0142umacze\u0144 Midena wykonuje t\u0142umaczenia pisemne i ustne,\u00a0zwyk\u0142e i po\u015bwiadczone z j\u0119zyka angielskiego na j\u0119zyk polski oraz z j\u0119zyka polskiego na j\u0119zyk angielski. Wszystkie dokumenty zlecone do t\u0142umaczenia oraz informacje b\u0119d\u0105ce przedmiotem t\u0142umaczenia obj\u0119te s\u0105 poufno\u015bci\u0105. Rozpocz\u0119cie t\u0142umaczenia nast\u0119puje po zleceniu t\u0142umaczenia drog\u0105 mailow\u0105 na adres biuro@midena.pl i otrzymaniu potwierdzenia zwrotnego od Biura. Istnieje r\u00f3wnie\u017c [&hellip;]<\/p>\n","protected":false},"author":1,"featured_media":0,"parent":0,"menu_order":0,"comment_status":"closed","ping_status":"closed","template":"","meta":{"_acf_changed":false,"om_disable_all_campaigns":false,"_monsterinsights_skip_tracking":false,"_monsterinsights_sitenote_active":false,"_monsterinsights_sitenote_note":"","_monsterinsights_sitenote_category":0,"_uf_show_specific_survey":0,"_uf_disable_surveys":false,"site-sidebar-layout":"no-sidebar","site-content-layout":"page-builder","ast-site-content-layout":"","site-content-style":"default","site-sidebar-style":"default","ast-global-header-display":"","ast-banner-title-visibility":"","ast-main-header-display":"","ast-hfb-above-header-display":"","ast-hfb-below-header-display":"","ast-hfb-mobile-header-display":"","site-post-title":"","ast-breadcrumbs-content":"","ast-featured-img":"disabled","footer-sml-layout":"","theme-transparent-header-meta":"","adv-header-id-meta":"","stick-header-meta":"","header-above-stick-meta":"","header-main-stick-meta":"","header-below-stick-meta":"","astra-migrate-meta-layouts":"","ast-page-background-enabled":"default","ast-page-background-meta":{"desktop":{"background-color":"var(--ast-global-color-4)","background-image":"","background-repeat":"repeat","background-position":"center center","background-size":"auto","background-attachment":"scroll","background-type":"","background-media":"","overlay-type":"","overlay-color":"","overlay-gradient":""},"tablet":{"background-color":"","background-image":"","background-repeat":"repeat","background-position":"center center","background-size":"auto","background-attachment":"scroll","background-type":"","background-media":"","overlay-type":"","overlay-color":"","overlay-gradient":""},"mobile":{"background-color":"","background-image":"","background-repeat":"repeat","background-position":"center center","background-size":"auto","background-attachment":"scroll","background-type":"","background-media":"","overlay-type":"","overlay-color":"","overlay-gradient":""}},"ast-content-background-meta":{"desktop":{"background-color":"var(--ast-global-color-5)","background-image":"","background-repeat":"repeat","background-position":"center center","background-size":"auto","background-attachment":"scroll","background-type":"","background-media":"","overlay-type":"","overlay-color":"","overlay-gradient":""},"tablet":{"background-color":"var(--ast-global-color-5)","background-image":"","background-repeat":"repeat","background-position":"center center","background-size":"auto","background-attachment":"scroll","background-type":"","background-media":"","overlay-type":"","overlay-color":"","overlay-gradient":""},"mobile":{"background-color":"var(--ast-global-color-5)","background-image":"","background-repeat":"repeat","background-position":"center center","background-size":"auto","background-attachment":"scroll","background-type":"","background-media":"","overlay-type":"","overlay-color":"","overlay-gradient":""}},"_themeisle_gutenberg_block_has_review":false,"footnotes":""},"class_list":["post-412","page","type-page","status-publish","hentry"],"acf":[],"aioseo_notices":[],"_links":{"self":[{"href":"https:\/\/midena.pl\/pl_pl\/wp-json\/wp\/v2\/pages\/412","targetHints":{"allow":["GET"]}}],"collection":[{"href":"https:\/\/midena.pl\/pl_pl\/wp-json\/wp\/v2\/pages"}],"about":[{"href":"https:\/\/midena.pl\/pl_pl\/wp-json\/wp\/v2\/types\/page"}],"author":[{"embeddable":true,"href":"https:\/\/midena.pl\/pl_pl\/wp-json\/wp\/v2\/users\/1"}],"replies":[{"embeddable":true,"href":"https:\/\/midena.pl\/pl_pl\/wp-json\/wp\/v2\/comments?post=412"}],"version-history":[{"count":22,"href":"https:\/\/midena.pl\/pl_pl\/wp-json\/wp\/v2\/pages\/412\/revisions"}],"predecessor-version":[{"id":867,"href":"https:\/\/midena.pl\/pl_pl\/wp-json\/wp\/v2\/pages\/412\/revisions\/867"}],"wp:attachment":[{"href":"https:\/\/midena.pl\/pl_pl\/wp-json\/wp\/v2\/media?parent=412"}],"curies":[{"name":"wp","href":"https:\/\/api.w.org\/{rel}","templated":true}]}}