{"id":40,"date":"2015-04-28T20:28:45","date_gmt":"2015-04-28T18:28:45","guid":{"rendered":"http:\/\/midena.pl\/?page_id=40"},"modified":"2023-09-06T12:11:55","modified_gmt":"2023-09-06T10:11:55","slug":"strona-glowna","status":"publish","type":"page","link":"https:\/\/midena.pl\/pl_pl\/","title":{"rendered":"Strona g\u0142\u00f3wna"},"content":{"rendered":"\t\t<div data-elementor-type=\"wp-page\" data-elementor-id=\"40\" class=\"elementor elementor-40\">\n\t\t\t\t\t\t<section class=\"elementor-section elementor-top-section elementor-element elementor-element-7cbe75e elementor-section-boxed elementor-section-height-default elementor-section-height-default\" data-id=\"7cbe75e\" data-element_type=\"section\" data-e-type=\"section\">\n\t\t\t\t\t\t<div class=\"elementor-container elementor-column-gap-default\">\n\t\t\t\t\t<div class=\"elementor-column elementor-col-100 elementor-top-column elementor-element elementor-element-7e47bad\" data-id=\"7e47bad\" data-element_type=\"column\" data-e-type=\"column\">\n\t\t\t<div class=\"elementor-widget-wrap\">\n\t\t\t\t\t\t\t<\/div>\n\t\t<\/div>\n\t\t\t\t\t<\/div>\n\t\t<\/section>\n\t\t\t\t<section class=\"elementor-section elementor-top-section elementor-element elementor-element-75afea6 elementor-section-boxed elementor-section-height-default elementor-section-height-default\" data-id=\"75afea6\" data-element_type=\"section\" data-e-type=\"section\">\n\t\t\t\t\t\t<div class=\"elementor-container elementor-column-gap-default\">\n\t\t\t\t\t<div class=\"elementor-column elementor-col-100 elementor-top-column elementor-element elementor-element-77f9ff6\" data-id=\"77f9ff6\" data-element_type=\"column\" data-e-type=\"column\">\n\t\t\t<div class=\"elementor-widget-wrap elementor-element-populated\">\n\t\t\t\t\t\t<section class=\"elementor-section elementor-inner-section elementor-element elementor-element-7ca6aac elementor-section-boxed elementor-section-height-default elementor-section-height-default\" data-id=\"7ca6aac\" data-element_type=\"section\" data-e-type=\"section\" data-settings=\"{&quot;background_background&quot;:&quot;classic&quot;}\">\n\t\t\t\t\t\t<div class=\"elementor-container elementor-column-gap-default\">\n\t\t\t\t\t<div class=\"elementor-column elementor-col-50 elementor-inner-column elementor-element elementor-element-3a1c705\" data-id=\"3a1c705\" data-element_type=\"column\" data-e-type=\"column\">\n\t\t\t<div class=\"elementor-widget-wrap elementor-element-populated\">\n\t\t\t\t\t\t<div class=\"elementor-element elementor-element-8c6f797 elementor-widget elementor-widget-image\" data-id=\"8c6f797\" data-element_type=\"widget\" data-e-type=\"widget\" data-widget_type=\"image.default\">\n\t\t\t\t<div class=\"elementor-widget-container\">\n\t\t\t\t\t\t\t\t\t\t\t\t\t\t\t<img fetchpriority=\"high\" decoding=\"async\" width=\"1024\" height=\"682\" src=\"https:\/\/midena.pl\/wp-content\/uploads\/2023\/08\/Komputer-tlumacza-i-notatnik-1024x682.jpg\" class=\"attachment-large size-large wp-image-542\" alt=\"Komputer t\u0142umacza i notatnik le\u017c\u0105ce na biurku\" srcset=\"https:\/\/midena.pl\/wp-content\/uploads\/2023\/08\/Komputer-tlumacza-i-notatnik-1024x682.jpg 1024w, https:\/\/midena.pl\/wp-content\/uploads\/2023\/08\/Komputer-tlumacza-i-notatnik-300x200.jpg 300w, https:\/\/midena.pl\/wp-content\/uploads\/2023\/08\/Komputer-tlumacza-i-notatnik-768x512.jpg 768w, https:\/\/midena.pl\/wp-content\/uploads\/2023\/08\/Komputer-tlumacza-i-notatnik.jpg 1280w\" sizes=\"(max-width: 1024px) 100vw, 1024px\" \/>\t\t\t\t\t\t\t\t\t\t\t\t\t\t\t<\/div>\n\t\t\t\t<\/div>\n\t\t\t\t\t<\/div>\n\t\t<\/div>\n\t\t\t\t<div class=\"elementor-column elementor-col-50 elementor-inner-column elementor-element elementor-element-25c599e\" data-id=\"25c599e\" data-element_type=\"column\" data-e-type=\"column\">\n\t\t\t<div class=\"elementor-widget-wrap elementor-element-populated\">\n\t\t\t\t\t\t<div class=\"elementor-element elementor-element-19e83ae elementor-widget elementor-widget-text-editor\" data-id=\"19e83ae\" data-element_type=\"widget\" data-e-type=\"widget\" data-widget_type=\"text-editor.default\">\n\t\t\t\t<div class=\"elementor-widget-container\">\n\t\t\t\t\t\t\t\t\t<p style=\"text-align: center;\"><strong>T\u0142umacz przysi\u0119g\u0142y j\u0119zyka angielskiego<\/strong><\/p><p style=\"text-align: justify;\">Nazywam si\u0119 Ewa Paj\u0105k i jestem t\u0142umaczem przysi\u0119g\u0142ym j\u0119zyka angielskiego. Po uko\u0144czeniu studi\u00f3w z tytu\u0142em magistra filologii angielskiej swoje pierwsze do\u015bwiadczenie w pracy t\u0142umacza zdobywa\u0142am w biurze t\u0142umacze\u0144, a nast\u0119pnie w kancelarii prawnej. Zaowocowa\u0142o to zdaniem egzaminu na t\u0142umacza przysi\u0119g\u0142ego w 2014 roku. Od tego czasu prowadz\u0119 domowe biuro t\u0142umacze\u0144, przyjmuj\u0105c zlecenia od instytucji, klient\u00f3w prywatnych i korporacyjnych. Zapewniam poufno\u015b\u0107 otrzymywanych dokument\u00f3w. Wystawiam paragony fiskalne lub faktury bez podatku VAT.<\/p>\t\t\t\t\t\t\t\t<\/div>\n\t\t\t\t<\/div>\n\t\t\t\t\t<\/div>\n\t\t<\/div>\n\t\t\t\t\t<\/div>\n\t\t<\/section>\n\t\t\t\t\t<\/div>\n\t\t<\/div>\n\t\t\t\t\t<\/div>\n\t\t<\/section>\n\t\t\t\t<\/div>\n\t\t","protected":false},"excerpt":{"rendered":"<p>T\u0142umacz przysi\u0119g\u0142y j\u0119zyka angielskiego Nazywam si\u0119 Ewa Paj\u0105k i jestem t\u0142umaczem przysi\u0119g\u0142ym j\u0119zyka angielskiego. Po uko\u0144czeniu studi\u00f3w z tytu\u0142em magistra filologii angielskiej swoje pierwsze do\u015bwiadczenie w pracy t\u0142umacza zdobywa\u0142am w biurze t\u0142umacze\u0144, a nast\u0119pnie w kancelarii prawnej. Zaowocowa\u0142o to zdaniem egzaminu na t\u0142umacza przysi\u0119g\u0142ego w 2014 roku. Od tego czasu prowadz\u0119 domowe biuro t\u0142umacze\u0144, przyjmuj\u0105c [&hellip;]<\/p>\n","protected":false},"author":1,"featured_media":0,"parent":0,"menu_order":0,"comment_status":"closed","ping_status":"closed","template":"","meta":{"_acf_changed":false,"om_disable_all_campaigns":false,"_monsterinsights_skip_tracking":false,"_monsterinsights_sitenote_active":false,"_monsterinsights_sitenote_note":"","_monsterinsights_sitenote_category":0,"_uf_show_specific_survey":0,"_uf_disable_surveys":false,"site-sidebar-layout":"default","site-content-layout":"","ast-site-content-layout":"","site-content-style":"default","site-sidebar-style":"default","ast-global-header-display":"","ast-banner-title-visibility":"","ast-main-header-display":"","ast-hfb-above-header-display":"","ast-hfb-below-header-display":"","ast-hfb-mobile-header-display":"","site-post-title":"","ast-breadcrumbs-content":"","ast-featured-img":"","footer-sml-layout":"","theme-transparent-header-meta":"","adv-header-id-meta":"","stick-header-meta":"","header-above-stick-meta":"","header-main-stick-meta":"","header-below-stick-meta":"","astra-migrate-meta-layouts":"default","ast-page-background-enabled":"default","ast-page-background-meta":{"desktop":{"background-color":"var(--ast-global-color-4)","background-image":"","background-repeat":"repeat","background-position":"center center","background-size":"auto","background-attachment":"scroll","background-type":"","background-media":"","overlay-type":"","overlay-color":"","overlay-gradient":""},"tablet":{"background-color":"","background-image":"","background-repeat":"repeat","background-position":"center center","background-size":"auto","background-attachment":"scroll","background-type":"","background-media":"","overlay-type":"","overlay-color":"","overlay-gradient":""},"mobile":{"background-color":"","background-image":"","background-repeat":"repeat","background-position":"center center","background-size":"auto","background-attachment":"scroll","background-type":"","background-media":"","overlay-type":"","overlay-color":"","overlay-gradient":""}},"ast-content-background-meta":{"desktop":{"background-color":"var(--ast-global-color-5)","background-image":"","background-repeat":"repeat","background-position":"center center","background-size":"auto","background-attachment":"scroll","background-type":"","background-media":"","overlay-type":"","overlay-color":"","overlay-gradient":""},"tablet":{"background-color":"var(--ast-global-color-5)","background-image":"","background-repeat":"repeat","background-position":"center center","background-size":"auto","background-attachment":"scroll","background-type":"","background-media":"","overlay-type":"","overlay-color":"","overlay-gradient":""},"mobile":{"background-color":"var(--ast-global-color-5)","background-image":"","background-repeat":"repeat","background-position":"center center","background-size":"auto","background-attachment":"scroll","background-type":"","background-media":"","overlay-type":"","overlay-color":"","overlay-gradient":""}},"_themeisle_gutenberg_block_has_review":false,"footnotes":""},"class_list":["post-40","page","type-page","status-publish","hentry"],"acf":[],"aioseo_notices":[],"_links":{"self":[{"href":"https:\/\/midena.pl\/pl_pl\/wp-json\/wp\/v2\/pages\/40","targetHints":{"allow":["GET"]}}],"collection":[{"href":"https:\/\/midena.pl\/pl_pl\/wp-json\/wp\/v2\/pages"}],"about":[{"href":"https:\/\/midena.pl\/pl_pl\/wp-json\/wp\/v2\/types\/page"}],"author":[{"embeddable":true,"href":"https:\/\/midena.pl\/pl_pl\/wp-json\/wp\/v2\/users\/1"}],"replies":[{"embeddable":true,"href":"https:\/\/midena.pl\/pl_pl\/wp-json\/wp\/v2\/comments?post=40"}],"version-history":[{"count":112,"href":"https:\/\/midena.pl\/pl_pl\/wp-json\/wp\/v2\/pages\/40\/revisions"}],"predecessor-version":[{"id":863,"href":"https:\/\/midena.pl\/pl_pl\/wp-json\/wp\/v2\/pages\/40\/revisions\/863"}],"wp:attachment":[{"href":"https:\/\/midena.pl\/pl_pl\/wp-json\/wp\/v2\/media?parent=40"}],"curies":[{"name":"wp","href":"https:\/\/api.w.org\/{rel}","templated":true}]}}