{"id":415,"date":"2023-08-21T16:17:43","date_gmt":"2023-08-21T14:17:43","guid":{"rendered":"https:\/\/midena.pl\/?page_id=415"},"modified":"2023-09-07T07:29:17","modified_gmt":"2023-09-07T05:29:17","slug":"tlumaczenie-poswiadczone","status":"publish","type":"page","link":"https:\/\/midena.pl\/en\/tlumaczenie-poswiadczone\/","title":{"rendered":"Certified translation"},"content":{"rendered":"<div data-elementor-type=\"wp-page\" data-elementor-id=\"415\" class=\"elementor elementor-415\">\n\t\t\t\t\t\t<section class=\"elementor-section elementor-top-section elementor-element elementor-element-d6665c6 elementor-section-boxed elementor-section-height-default elementor-section-height-default\" data-id=\"d6665c6\" data-element_type=\"section\" data-e-type=\"section\">\n\t\t\t\t\t\t<div class=\"elementor-container elementor-column-gap-default\">\n\t\t\t\t\t<div class=\"elementor-column elementor-col-100 elementor-top-column elementor-element elementor-element-63cb17b\" data-id=\"63cb17b\" data-element_type=\"column\" data-e-type=\"column\">\n\t\t\t<div class=\"elementor-widget-wrap elementor-element-populated\">\n\t\t\t\t\t\t<div class=\"elementor-element elementor-element-f8e9195 elementor-widget elementor-widget-image\" data-id=\"f8e9195\" data-element_type=\"widget\" data-e-type=\"widget\" data-widget_type=\"image.default\">\n\t\t\t\t<div class=\"elementor-widget-container\">\n\t\t\t\t\t\t\t\t\t\t\t\t\t\t\t<img fetchpriority=\"high\" decoding=\"async\" width=\"2560\" height=\"1706\" src=\"https:\/\/midena.pl\/wp-content\/uploads\/2023\/08\/biznesowa-kobieta-pracujaca-w-biurze-na-komputerze-scaled.jpg\" class=\"attachment-full size-full wp-image-635\" alt=\"Biznesowa kobieta pracuj\u0105ca w biurze przy komputerze\" srcset=\"https:\/\/midena.pl\/wp-content\/uploads\/2023\/08\/biznesowa-kobieta-pracujaca-w-biurze-na-komputerze-scaled.jpg 2560w, https:\/\/midena.pl\/wp-content\/uploads\/2023\/08\/biznesowa-kobieta-pracujaca-w-biurze-na-komputerze-300x200.jpg 300w, https:\/\/midena.pl\/wp-content\/uploads\/2023\/08\/biznesowa-kobieta-pracujaca-w-biurze-na-komputerze-1024x683.jpg 1024w, https:\/\/midena.pl\/wp-content\/uploads\/2023\/08\/biznesowa-kobieta-pracujaca-w-biurze-na-komputerze-768x512.jpg 768w, https:\/\/midena.pl\/wp-content\/uploads\/2023\/08\/biznesowa-kobieta-pracujaca-w-biurze-na-komputerze-1536x1024.jpg 1536w, https:\/\/midena.pl\/wp-content\/uploads\/2023\/08\/biznesowa-kobieta-pracujaca-w-biurze-na-komputerze-2048x1365.jpg 2048w\" sizes=\"(max-width: 2560px) 100vw, 2560px\" \/>\t\t\t\t\t\t\t\t\t\t\t\t\t\t\t<\/div>\n\t\t\t\t<\/div>\n\t\t\t\t\t<\/div>\n\t\t<\/div>\n\t\t\t\t\t<\/div>\n\t\t<\/section>\n\t\t\t\t<section class=\"elementor-section elementor-top-section elementor-element elementor-element-f388c05 elementor-section-boxed elementor-section-height-default elementor-section-height-default\" data-id=\"f388c05\" data-element_type=\"section\" data-e-type=\"section\">\n\t\t\t\t\t\t<div class=\"elementor-container elementor-column-gap-default\">\n\t\t\t\t\t<div class=\"elementor-column elementor-col-100 elementor-top-column elementor-element elementor-element-abc9f3b\" data-id=\"abc9f3b\" data-element_type=\"column\" data-e-type=\"column\">\n\t\t\t<div class=\"elementor-widget-wrap elementor-element-populated\">\n\t\t\t\t\t\t<div class=\"elementor-element elementor-element-e07f8c8 elementor-widget elementor-widget-text-editor\" data-id=\"e07f8c8\" data-element_type=\"widget\" data-e-type=\"widget\" data-widget_type=\"text-editor.default\">\n\t\t\t\t<div class=\"elementor-widget-container\">\n\t\t\t\t\t\t\t\t\t<p style=\"text-align: justify;\"><strong>Who is a sworn translator?<\/strong><\/p>\n<p style=\"text-align: justify;\">A sworn translator (whose activities are regulated by the Act of 25 November 2004 on the Profession of a Sworn Translator) is a person of public trust authorized to do and certify translations from a foreign language into Polish and from Polish into a foreign language, to make certified copies of writings in a foreign language and to interpret.  The prerequisite for obtaining the right to practise the profession is successfully passing the official examination. A sworn translator cooperates with courts, prosecutors, police and public administration bodies.<\/p>\n<p style=\"text-align: justify;\"><strong>What does a certified translation look like?<\/strong><\/p>\n<p style=\"text-align: justify;\">The status of a certified translation is given to a translation prepared by a sworn translator. The seal and signature of a translator are used to authenticate the translation. A translator is also required to describe what the document looks like, whether it is the original, a copy or a scan, whether there are seals, signatures, watermarks or other security features.  Underneath the translation the certification formula and the repertory number are placed. It is essential that multi-page documents be stapled together in a permanent way that prevents them from being disconnected. Certified translations are presented in courts, registry offices, notary's offices, banks and other institutions.<\/p>\n<p style=\"text-align: justify;\"><strong>Can I get a translation with an electronic signature?<\/strong><\/p>\n<p style=\"text-align: justify;\">Article 18 Section 1a of the Act of 25 November 2004 on the Profession of a Sworn Translator provides for the certification of translations by means of a qualified electronic signature. Usually such translations are made on the basis of documents sent to the translator in an electronic form.<\/p>\n<p style=\"text-align: justify;\"><strong>What is the difference between an ordinary translation and a certified translation?<\/strong><\/p>\n<p style=\"text-align: justify;\">Ordinary translations are done electronically, usually in a Word or PDF format, and do not contain information about who translated the document. Certified translations, on the other hand, bear the signature and seal of a sworn translator and a unique repertory number. They are most often used for official purposes.<\/p>\t\t\t\t\t\t\t\t<\/div>\n\t\t\t\t<\/div>\n\t\t\t\t\t<\/div>\n\t\t<\/div>\n\t\t\t\t\t<\/div>\n\t\t<\/section>\n\t\t\t\t<\/div>","protected":false},"excerpt":{"rendered":"<p>Kim jest t\u0142umacz przysi\u0119g\u0142y T\u0142umacz przysi\u0119g\u0142y jest osob\u0105 zaufania publicznego uprawnion\u0105 do wykonywania i po\u015bwiadczania t\u0142umacze\u0144 z j\u0119zyka obcego na j\u0119zyk polski oraz z j\u0119zyka polskiego na j\u0119zyk obcy, sporz\u0105dzania po\u015bwiadczonych odpis\u00f3w pism w j\u0119zyku obcym oraz dokonywania t\u0142umacze\u0144 ustnych.\u00a0 Jego dzia\u0142alno\u015b\u0107 uregulowana jest w Ustawie z dnia 25 listopada 2004 r. o zawodzie t\u0142umacza [&hellip;]<\/p>\n","protected":false},"author":1,"featured_media":0,"parent":0,"menu_order":0,"comment_status":"closed","ping_status":"closed","template":"","meta":{"_acf_changed":false,"om_disable_all_campaigns":false,"_monsterinsights_skip_tracking":false,"_monsterinsights_sitenote_active":false,"_monsterinsights_sitenote_note":"","_monsterinsights_sitenote_category":0,"_uf_show_specific_survey":0,"_uf_disable_surveys":false,"site-sidebar-layout":"default","site-content-layout":"","ast-site-content-layout":"","site-content-style":"default","site-sidebar-style":"default","ast-global-header-display":"","ast-banner-title-visibility":"","ast-main-header-display":"","ast-hfb-above-header-display":"","ast-hfb-below-header-display":"","ast-hfb-mobile-header-display":"","site-post-title":"","ast-breadcrumbs-content":"","ast-featured-img":"","footer-sml-layout":"","theme-transparent-header-meta":"","adv-header-id-meta":"","stick-header-meta":"","header-above-stick-meta":"","header-main-stick-meta":"","header-below-stick-meta":"","astra-migrate-meta-layouts":"default","ast-page-background-enabled":"default","ast-page-background-meta":{"desktop":{"background-color":"var(--ast-global-color-4)","background-image":"","background-repeat":"repeat","background-position":"center center","background-size":"auto","background-attachment":"scroll","background-type":"","background-media":"","overlay-type":"","overlay-color":"","overlay-gradient":""},"tablet":{"background-color":"","background-image":"","background-repeat":"repeat","background-position":"center center","background-size":"auto","background-attachment":"scroll","background-type":"","background-media":"","overlay-type":"","overlay-color":"","overlay-gradient":""},"mobile":{"background-color":"","background-image":"","background-repeat":"repeat","background-position":"center center","background-size":"auto","background-attachment":"scroll","background-type":"","background-media":"","overlay-type":"","overlay-color":"","overlay-gradient":""}},"ast-content-background-meta":{"desktop":{"background-color":"var(--ast-global-color-5)","background-image":"","background-repeat":"repeat","background-position":"center center","background-size":"auto","background-attachment":"scroll","background-type":"","background-media":"","overlay-type":"","overlay-color":"","overlay-gradient":""},"tablet":{"background-color":"var(--ast-global-color-5)","background-image":"","background-repeat":"repeat","background-position":"center center","background-size":"auto","background-attachment":"scroll","background-type":"","background-media":"","overlay-type":"","overlay-color":"","overlay-gradient":""},"mobile":{"background-color":"var(--ast-global-color-5)","background-image":"","background-repeat":"repeat","background-position":"center center","background-size":"auto","background-attachment":"scroll","background-type":"","background-media":"","overlay-type":"","overlay-color":"","overlay-gradient":""}},"_themeisle_gutenberg_block_has_review":false,"footnotes":""},"class_list":["post-415","page","type-page","status-publish","hentry"],"acf":[],"aioseo_notices":[],"_links":{"self":[{"href":"https:\/\/midena.pl\/en\/wp-json\/wp\/v2\/pages\/415","targetHints":{"allow":["GET"]}}],"collection":[{"href":"https:\/\/midena.pl\/en\/wp-json\/wp\/v2\/pages"}],"about":[{"href":"https:\/\/midena.pl\/en\/wp-json\/wp\/v2\/types\/page"}],"author":[{"embeddable":true,"href":"https:\/\/midena.pl\/en\/wp-json\/wp\/v2\/users\/1"}],"replies":[{"embeddable":true,"href":"https:\/\/midena.pl\/en\/wp-json\/wp\/v2\/comments?post=415"}],"version-history":[{"count":15,"href":"https:\/\/midena.pl\/en\/wp-json\/wp\/v2\/pages\/415\/revisions"}],"predecessor-version":[{"id":866,"href":"https:\/\/midena.pl\/en\/wp-json\/wp\/v2\/pages\/415\/revisions\/866"}],"wp:attachment":[{"href":"https:\/\/midena.pl\/en\/wp-json\/wp\/v2\/media?parent=415"}],"curies":[{"name":"wp","href":"https:\/\/api.w.org\/{rel}","templated":true}]}}