{"id":13,"date":"2015-04-28T10:26:12","date_gmt":"2015-04-28T08:26:12","guid":{"rendered":"http:\/\/midena.pl\/?page_id=13"},"modified":"2023-09-06T12:51:43","modified_gmt":"2023-09-06T10:51:43","slug":"regulamin","status":"publish","type":"page","link":"https:\/\/midena.pl\/en\/regulamin\/","title":{"rendered":"Privacy policy"},"content":{"rendered":"<div data-elementor-type=\"wp-page\" data-elementor-id=\"13\" class=\"elementor elementor-13\">\n\t\t\t\t\t\t<section class=\"elementor-section elementor-top-section elementor-element elementor-element-498143e elementor-section-boxed elementor-section-height-default elementor-section-height-default\" data-id=\"498143e\" data-element_type=\"section\" data-e-type=\"section\">\n\t\t\t\t\t\t<div class=\"elementor-container elementor-column-gap-default\">\n\t\t\t\t\t<div class=\"elementor-column elementor-col-100 elementor-top-column elementor-element elementor-element-908601d\" data-id=\"908601d\" data-element_type=\"column\" data-e-type=\"column\">\n\t\t\t<div class=\"elementor-widget-wrap elementor-element-populated\">\n\t\t\t\t\t\t<div class=\"elementor-element elementor-element-dd97feb elementor-widget elementor-widget-image\" data-id=\"dd97feb\" data-element_type=\"widget\" data-e-type=\"widget\" data-widget_type=\"image.default\">\n\t\t\t\t<div class=\"elementor-widget-container\">\n\t\t\t\t\t\t\t\t\t\t\t\t\t\t\t<img fetchpriority=\"high\" decoding=\"async\" width=\"1280\" height=\"853\" src=\"https:\/\/midena.pl\/wp-content\/uploads\/2023\/08\/Komputer-tlumacza-i-notatnik.jpg\" class=\"attachment-full size-full wp-image-542\" alt=\"Komputer t\u0142umacza i notatnik le\u017c\u0105ce na biurku\" srcset=\"https:\/\/midena.pl\/wp-content\/uploads\/2023\/08\/Komputer-tlumacza-i-notatnik.jpg 1280w, https:\/\/midena.pl\/wp-content\/uploads\/2023\/08\/Komputer-tlumacza-i-notatnik-300x200.jpg 300w, https:\/\/midena.pl\/wp-content\/uploads\/2023\/08\/Komputer-tlumacza-i-notatnik-1024x682.jpg 1024w, https:\/\/midena.pl\/wp-content\/uploads\/2023\/08\/Komputer-tlumacza-i-notatnik-768x512.jpg 768w\" sizes=\"(max-width: 1280px) 100vw, 1280px\" \/>\t\t\t\t\t\t\t\t\t\t\t\t\t\t\t<\/div>\n\t\t\t\t<\/div>\n\t\t\t\t\t<\/div>\n\t\t<\/div>\n\t\t\t\t\t<\/div>\n\t\t<\/section>\n\t\t\t\t<section class=\"elementor-section elementor-top-section elementor-element elementor-element-4ca669c9 elementor-section-full_width elementor-section-height-default elementor-section-height-default\" data-id=\"4ca669c9\" data-element_type=\"section\" data-e-type=\"section\" data-settings=\"{&quot;background_background&quot;:&quot;classic&quot;}\">\n\t\t\t\t\t\t<div class=\"elementor-container elementor-column-gap-default\">\n\t\t\t\t\t<div class=\"elementor-column elementor-col-100 elementor-top-column elementor-element elementor-element-3e6c088c\" data-id=\"3e6c088c\" data-element_type=\"column\" data-e-type=\"column\">\n\t\t\t<div class=\"elementor-widget-wrap elementor-element-populated\">\n\t\t\t\t\t\t<div class=\"elementor-element elementor-element-193a8e17 elementor-widget elementor-widget-text-editor\" data-id=\"193a8e17\" data-element_type=\"widget\" data-e-type=\"widget\" data-widget_type=\"text-editor.default\">\n\t\t\t\t<div class=\"elementor-widget-container\">\n\t\t\t\t\t\t\t\t\t<p class=\"Standard\" style=\"text-align: center;\"><span style=\"font-family: 'Arial','sans-serif';\"><strong>Privacy policy<\/strong><\/span><\/p>\n<p class=\"Standard\" style=\"text-align: justify;\"><span style=\"font-family: 'Arial','sans-serif';\">Rules for the processing of personal data in accordance with Regulation (EU) 2016\/679 of the European Parliament and of the Council of 27 April 2016 on the protection of natural persons with regard to the processing of personal data and on the free movement of such data and repealing Directive 95\/46\/EC (\"GDPR\"):<\/span><\/p>\n<p class=\"Standard\" style=\"text-align: justify;\"><span style=\"font-family: 'Arial','sans-serif';\">1. Biuro T\u0142umacze\u0144 Midena \u2013 Ewa Paj\u0105k, address: ul. Jana Nowaka-Jeziora\u0144skiego 48\/88 03-982 Warszawa, is the controller of your personal data (\"Controller\"). You may contact the Controller with regard to your personal data protection via e-mail: biuro@midena.pl or in writing sent to the above address.<\/span><\/p>\n<p class=\"Standard\" style=\"text-align: justify;\"><span style=\"font-family: 'Arial','sans-serif';\">2. The Controller operates the website midena.pl (\"Website\"). <\/span><\/p>\n<p class=\"Standard\" style=\"text-align: left;\"><span style=\"font-family: 'Arial','sans-serif';\">3. A user of the Website (\"User\") consents to the processing of his\/her personal data by the Controller under the terms of this Privacy Policy. <\/span><\/p>\n<p class=\"Standard\" style=\"text-align: justify;\"><span style=\"font-family: 'Arial','sans-serif';\">4. The User's personal data shall be processed on the basis of Article 6 and other provisions of Regulation (EU) 2016\/679 of the European Parliament and of the Council of 27 April 2016 on the protection of natural persons with regard to the processing of personal data and on the free movement of such data and the repeal of Directive 95\/46\/EC (General Data Protection Regulation) (\"GDPR\"). <\/span><\/p>\n<p class=\"Standard\" style=\"text-align: justify;\"><span style=\"font-family: 'Arial','sans-serif';\">5. The User's personal data is processed in order to: <\/span><\/p>\n<p class=\"Standard\" style=\"text-align: justify;\"><span style=\"font-family: 'Arial','sans-serif';\">a. respond to inquiries sent by the User via the contact form or e-mail and to further contact the User regarding the performance of the translation, <\/span><\/p>\n<p class=\"Standard\" style=\"text-align: justify;\"><span style=\"font-family: 'Arial','sans-serif';\">b. perform translation. <\/span><\/p>\n<p class=\"Standard\" style=\"text-align: justify;\"><span style=\"font-family: 'Arial','sans-serif';\">6. User's data is also processed for the purpose of performance of agreements to which the User is a party, or taking other actions at the request of the User prior to entering into an agreement.<br>\n<\/span><\/p>\n<p class=\"Standard\" style=\"text-align: justify;\"><span style=\"font-family: 'Arial','sans-serif';\">7. User's data shall also be processed when necessary for purposes arising from legitimate interests pursued by the Controller or by a third party (except where such interests are overridden by the interests or fundamental rights and freedoms of the data subject requiring protection of personal data), including in particular: <\/span><\/p>\n<p class=\"Standard\" style=\"text-align: justify;\"><span style=\"font-family: 'Arial','sans-serif';\">a. to make tax settlements in accordance with the provisions of Polish tax law; <\/span><\/p>\n<p class=\"Standard\" style=\"text-align: justify;\"><span style=\"font-family: 'Arial','sans-serif';\">b. to keep accounts in accordance with the provisions of the Accounting Act and other relevant provisions of Polish law; <\/span><\/p>\n<p class=\"Standard\" style=\"text-align: justify;\"><span style=\"font-family: 'Arial','sans-serif';\">c. to enforce receivables in accordance with the provisions of the Civil Code and other relevant provisions of Polish law. <\/span><\/p>\n<p class=\"Standard\" style=\"text-align: justify;\"><span style=\"font-family: 'Arial','sans-serif';\">8. The Controller processes the User's data such as name, e-mail address, telephone number, mailing address, data contained in files submitted for translation. <\/span><\/p>\n<p class=\"Standard\" style=\"text-align: justify;\"><span style=\"font-family: 'Arial','sans-serif';\">9. The recipients of User's personal data are as follows: <\/span><\/p>\n<p class=\"Standard\" style=\"text-align: justify;\"><span style=\"font-family: 'Arial','sans-serif';\">a. employees, contractors, subcontractors and other persons employed by the Controller or cooperating with the Controller; <\/span><\/p>\n<p class=\"Standard\" style=\"text-align: justify;\"><span style=\"font-family: 'Arial','sans-serif';\">b. accounting offices that cooperate with the Controller; <\/span><\/p>\n<p class=\"Standard\" style=\"text-align: justify;\"><span style=\"font-family: 'Arial','sans-serif';\">c. entities providing IT services to the Controller, including, in particular, website hosting and e-mail services; <\/span><\/p>\n<p class=\"Standard\" style=\"text-align: justify;\"><span style=\"font-family: 'Arial','sans-serif';\">d. entities providing marketing services to the Controller; <\/span><\/p>\n<p class=\"Standard\" style=\"text-align: justify;\"><span style=\"font-family: 'Arial','sans-serif';\">e. entities involved in making settlements, including invoicing system providers and banks; <\/span><\/p>\n<p class=\"Standard\" style=\"text-align: justify;\"><span style=\"font-family: 'Arial','sans-serif';\">f. postal and courier service providers. <\/span><\/p>\n<p class=\"Standard\" style=\"text-align: justify;\"><span style=\"font-family: 'Arial','sans-serif';\">10. The User's personal data will be kept for the period necessary for the purposes of data processing, i.e. for the period of communication with the User, the period necessary for the proper fulfillment of contracts concluded with the User, the period necessary for making tax settlements concerning the User and the legally required period of keeping accounting records.<\/span><\/p>\n<p class=\"Standard\" style=\"text-align: justify;\"><span style=\"font-family: 'Arial','sans-serif';\">11. Rights of the User:<\/span><\/p>\n<p class=\"Standard\" style=\"text-align: justify;\"><span style=\"font-family: 'Arial','sans-serif';\">a. the right of access to the content of your data and the right to rectify, delete and transfer data.<\/span><\/p>\n<p class=\"Standard\" style=\"text-align: justify;\"><span style=\"font-family: 'Arial','sans-serif';\">b. the right to object to the personal data provided voluntarily, the right to withdraw consent to its processing at any time without affecting the legality of the processing carried out on the basis of consent before its withdrawal;<\/span><\/p>\n<p class=\"Standard\" style=\"text-align: justify;\"><span style=\"font-family: 'Arial','sans-serif';\">c. the right to restrict the processing of data or to delete it completely - the \"right to be forgotten.\"<\/span><\/p>\n<p class=\"Standard\" style=\"text-align: justify;\"><span style=\"font-family: 'Arial','sans-serif';\">d. the right to lodge a complaint with the data protection supervisory authority.<\/span><\/p>\n<p class=\"Standard\" style=\"text-align: justify;\"><span style=\"font-family: 'Arial','sans-serif';\">e. The declaration of withdrawal of consent to the processing of personal data requires its submission in writing or electronically to the email address: biuro@midena.pl.<\/span><\/p>\n<p class=\"Standard\" style=\"text-align: justify;\"><span style=\"font-family: 'Arial','sans-serif';\">12. The midena.pl website uses cookies. Consent to cookies does not mean that User's data will be processed for marketing and sales purposes. <\/span><\/p>\n<p class=\"Standard\" style=\"text-align: justify;\"><span style=\"font-family: 'Arial','sans-serif';\">13. Cookies are IT data, in particular text files, which are stored on the website User's end device and are intended for use on the website. Cookies usually contain the name of the website they come from, the time they are stored on the end device and a unique number. <\/span><\/p>\n<p class=\"Standard\" style=\"text-align: justify;\"><span style=\"font-family: 'Arial','sans-serif';\">14. The entity placing cookies on the website User's end device and accessing them is the website administrator. <\/span><\/p>\n<p class=\"Standard\" style=\"text-align: justify;\"><span style=\"font-family: 'Arial','sans-serif';\">15. Cookies are used for the following purposes:<\/span><\/p>\n<p class=\"Standard\" style=\"text-align: justify;\"><span style=\"font-family: 'Arial','sans-serif';\">a. Creating statistics that help understand how the website User uses the websites, which allows to improve their structure and content. <\/span><\/p>\n<p class=\"Standard\" style=\"text-align: justify;\"><span style=\"font-family: 'Arial','sans-serif';\">b. Maintaining the session of the website User (after logging in), thanks to which the User does not have to re-enter his\/her login and password on each sub-page of the site. <\/span><\/p>\n<p class=\"Standard\" style=\"text-align: justify;\"><span style=\"font-family: 'Arial','sans-serif';\">c. Determination of the User's profile in order to display tailored material to the User on advertising networks, in particular the Google network. <\/span><\/p>\n<p class=\"Standard\" style=\"text-align: justify;\"><span style=\"font-family: 'Arial','sans-serif';\">19. The site uses two main types of cookies: session cookies and persistent cookies. Session cookies are temporary files that are stored on the User's end device until the User logs out, leaves the website or shuts down the software (web browser). Persistent cookies are stored on the User's end device for the time specified in the parameters of the cookies or until they are deleted by the User. <\/span><\/p>\n<p class=\"Standard\" style=\"text-align: justify;\"><span style=\"font-family: 'Arial','sans-serif';\">20. Web browsing software (Internet browser) usually allows the storage of cookies on the User's end device by default. Clients of the site can change their settings in this regard. The web browser allows you to delete cookies. It is also possible to automatically block cookies. For details, please refer to the help or documentation of your web browser. <\/span><\/p>\n<p class=\"Standard\" style=\"text-align: justify;\"><span style=\"font-family: 'Arial','sans-serif';\">21. Restrictions on the use of cookies may affect some of the functionalities available on the websites of midena.pl. <\/span><\/p>\n<p class=\"Standard\" style=\"text-align: justify;\"><span style=\"font-family: 'Arial','sans-serif';\">22. Cookies may be used by advertising networks, in particular the Google network to display advertisements tailored to the User's use of the site. For this purpose, they may retain information about the User's navigation path or the time they stayed on a particular page. <\/span><\/p>\n<p class=\"Standard\" style=\"text-align: justify;\"><span style=\"font-family: 'Arial','sans-serif';\">23. Regarding the information about User preferences collected by the Google advertising network, the User can disable the personalization of advertisements, view and edit the information resulting from cookies using the tool: https:\/\/www.google.com\/ads\/preferences\/<\/span><\/p>\t\t\t\t\t\t\t\t<\/div>\n\t\t\t\t<\/div>\n\t\t\t\t\t<\/div>\n\t\t<\/div>\n\t\t\t\t\t<\/div>\n\t\t<\/section>\n\t\t\t\t<\/div>","protected":false},"excerpt":{"rendered":"<p>Polityka prywatno\u015bci Zasady przetwarzania danych osobowych zgodnie z Rozporz\u0105dzeniem Parlamentu Europejskiego i Rady (UE) 2016\/679 z dnia 27 kwietnia 2016 roku w sprawie ochrony os\u00f3b fizycznych w zwi\u0105zku z przetwarzaniem danych osobowych i w sprawie swobodnego przep\u0142ywu takich danych oraz uchylenia dyrektywy 95\/46\/WE (\u201cRODO): 1. Administratorem danych osobowych jest Biuro T\u0142umacze\u0144 Midena \u2013 Ewa Paj\u0105k, [&hellip;]<\/p>\n","protected":false},"author":1,"featured_media":0,"parent":0,"menu_order":0,"comment_status":"closed","ping_status":"open","template":"","meta":{"_acf_changed":false,"om_disable_all_campaigns":false,"_monsterinsights_skip_tracking":false,"_monsterinsights_sitenote_active":false,"_monsterinsights_sitenote_note":"","_monsterinsights_sitenote_category":0,"_uf_show_specific_survey":0,"_uf_disable_surveys":false,"site-sidebar-layout":"default","site-content-layout":"","ast-site-content-layout":"","site-content-style":"default","site-sidebar-style":"default","ast-global-header-display":"","ast-banner-title-visibility":"","ast-main-header-display":"","ast-hfb-above-header-display":"","ast-hfb-below-header-display":"","ast-hfb-mobile-header-display":"","site-post-title":"","ast-breadcrumbs-content":"","ast-featured-img":"","footer-sml-layout":"","theme-transparent-header-meta":"","adv-header-id-meta":"","stick-header-meta":"","header-above-stick-meta":"","header-main-stick-meta":"","header-below-stick-meta":"","astra-migrate-meta-layouts":"default","ast-page-background-enabled":"default","ast-page-background-meta":{"desktop":{"background-color":"var(--ast-global-color-4)","background-image":"","background-repeat":"repeat","background-position":"center center","background-size":"auto","background-attachment":"scroll","background-type":"","background-media":"","overlay-type":"","overlay-color":"","overlay-gradient":""},"tablet":{"background-color":"","background-image":"","background-repeat":"repeat","background-position":"center center","background-size":"auto","background-attachment":"scroll","background-type":"","background-media":"","overlay-type":"","overlay-color":"","overlay-gradient":""},"mobile":{"background-color":"","background-image":"","background-repeat":"repeat","background-position":"center center","background-size":"auto","background-attachment":"scroll","background-type":"","background-media":"","overlay-type":"","overlay-color":"","overlay-gradient":""}},"ast-content-background-meta":{"desktop":{"background-color":"var(--ast-global-color-5)","background-image":"","background-repeat":"repeat","background-position":"center center","background-size":"auto","background-attachment":"scroll","background-type":"","background-media":"","overlay-type":"","overlay-color":"","overlay-gradient":""},"tablet":{"background-color":"var(--ast-global-color-5)","background-image":"","background-repeat":"repeat","background-position":"center center","background-size":"auto","background-attachment":"scroll","background-type":"","background-media":"","overlay-type":"","overlay-color":"","overlay-gradient":""},"mobile":{"background-color":"var(--ast-global-color-5)","background-image":"","background-repeat":"repeat","background-position":"center center","background-size":"auto","background-attachment":"scroll","background-type":"","background-media":"","overlay-type":"","overlay-color":"","overlay-gradient":""}},"_themeisle_gutenberg_block_has_review":false,"footnotes":""},"class_list":["post-13","page","type-page","status-publish","hentry"],"acf":[],"aioseo_notices":[],"_links":{"self":[{"href":"https:\/\/midena.pl\/en\/wp-json\/wp\/v2\/pages\/13","targetHints":{"allow":["GET"]}}],"collection":[{"href":"https:\/\/midena.pl\/en\/wp-json\/wp\/v2\/pages"}],"about":[{"href":"https:\/\/midena.pl\/en\/wp-json\/wp\/v2\/types\/page"}],"author":[{"embeddable":true,"href":"https:\/\/midena.pl\/en\/wp-json\/wp\/v2\/users\/1"}],"replies":[{"embeddable":true,"href":"https:\/\/midena.pl\/en\/wp-json\/wp\/v2\/comments?post=13"}],"version-history":[{"count":24,"href":"https:\/\/midena.pl\/en\/wp-json\/wp\/v2\/pages\/13\/revisions"}],"predecessor-version":[{"id":862,"href":"https:\/\/midena.pl\/en\/wp-json\/wp\/v2\/pages\/13\/revisions\/862"}],"wp:attachment":[{"href":"https:\/\/midena.pl\/en\/wp-json\/wp\/v2\/media?parent=13"}],"curies":[{"name":"wp","href":"https:\/\/api.w.org\/{rel}","templated":true}]}}